{"id":93,"date":"2021-06-15T18:37:14","date_gmt":"2021-06-15T16:37:14","guid":{"rendered":"https:\/\/tecnofacility.com\/?page_id=93"},"modified":"2022-05-08T19:47:16","modified_gmt":"2022-05-08T17:47:16","slug":"capa","status":"publish","type":"page","link":"https:\/\/tecnofacility.com\/","title":{"rendered":"CAPA"},"content":{"rendered":"<div class=\"logged-out wp-block-loginout\"><a href=\"https:\/\/tecnofacility.com\/wp-login.php?redirect_to=https%3A%2F%2Ftecnofacility.com%2Findex.php%3Frest_route%3D%252Fwp%252Fv2%252Fpages%252F93\">Iniciar sess\u00e3o<\/a><\/div>\n\n\n<div class=\"wp-block-buttons is-layout-flex wp-block-buttons-is-layout-flex\"><\/div>\n\n\n\n<p><\/p>\n\n\n\n<figure class=\"wp-block-gallery has-nested-images columns-default is-cropped wp-block-gallery-1 is-layout-flex wp-block-gallery-is-layout-flex\">\n<figure class=\"wp-block-image size-large is-style-rounded\"><img loading=\"lazy\" decoding=\"async\" width=\"1156\" height=\"867\" data-id=\"125\" src=\"https:\/\/tecnofacility.com\/wp-content\/uploads\/2022\/05\/08ED99DC-2BFD-4D25-93C9-48ED5F051F1D.jpeg\" alt=\"\" class=\"wp-image-125\" srcset=\"https:\/\/tecnofacility.com\/wp-content\/uploads\/2022\/05\/08ED99DC-2BFD-4D25-93C9-48ED5F051F1D.jpeg 1156w, https:\/\/tecnofacility.com\/wp-content\/uploads\/2022\/05\/08ED99DC-2BFD-4D25-93C9-48ED5F051F1D-300x225.jpeg 300w, https:\/\/tecnofacility.com\/wp-content\/uploads\/2022\/05\/08ED99DC-2BFD-4D25-93C9-48ED5F051F1D-1024x768.jpeg 1024w, https:\/\/tecnofacility.com\/wp-content\/uploads\/2022\/05\/08ED99DC-2BFD-4D25-93C9-48ED5F051F1D-768x576.jpeg 768w\" sizes=\"auto, (max-width: 1156px) 100vw, 1156px\" \/><figcaption>ATS<\/figcaption><\/figure>\n\n\n\n<figure class=\"wp-block-image size-large is-style-rounded\"><img loading=\"lazy\" decoding=\"async\" width=\"2560\" height=\"1920\" data-id=\"75\" src=\"https:\/\/tecnofacility.com\/wp-content\/uploads\/2021\/06\/IMG_9668-scaled.jpg\" alt=\"\" class=\"wp-image-75\" srcset=\"https:\/\/tecnofacility.com\/wp-content\/uploads\/2021\/06\/IMG_9668-scaled.jpg 2560w, https:\/\/tecnofacility.com\/wp-content\/uploads\/2021\/06\/IMG_9668-300x225.jpg 300w, https:\/\/tecnofacility.com\/wp-content\/uploads\/2021\/06\/IMG_9668-1024x768.jpg 1024w, https:\/\/tecnofacility.com\/wp-content\/uploads\/2021\/06\/IMG_9668-768x576.jpg 768w, https:\/\/tecnofacility.com\/wp-content\/uploads\/2021\/06\/IMG_9668-1536x1152.jpg 1536w, https:\/\/tecnofacility.com\/wp-content\/uploads\/2021\/06\/IMG_9668-2048x1536.jpg 2048w, https:\/\/tecnofacility.com\/wp-content\/uploads\/2021\/06\/IMG_9668-1568x1176.jpg 1568w\" sizes=\"auto, (max-width: 2560px) 100vw, 2560px\" \/><figcaption>VRVIII<\/figcaption><\/figure>\n\n\n\n<figure class=\"wp-block-image size-large is-style-rounded\"><img loading=\"lazy\" decoding=\"async\" width=\"1280\" height=\"1280\" data-id=\"51\" src=\"https:\/\/tecnofacility.com\/wp-content\/uploads\/2021\/05\/PTEH1401.jpg\" alt=\"\" class=\"wp-image-51\" srcset=\"https:\/\/tecnofacility.com\/wp-content\/uploads\/2021\/05\/PTEH1401.jpg 1280w, https:\/\/tecnofacility.com\/wp-content\/uploads\/2021\/05\/PTEH1401-300x300.jpg 300w, https:\/\/tecnofacility.com\/wp-content\/uploads\/2021\/05\/PTEH1401-1024x1024.jpg 1024w, https:\/\/tecnofacility.com\/wp-content\/uploads\/2021\/05\/PTEH1401-150x150.jpg 150w, https:\/\/tecnofacility.com\/wp-content\/uploads\/2021\/05\/PTEH1401-768x768.jpg 768w\" sizes=\"auto, (max-width: 1280px) 100vw, 1280px\" \/><figcaption>CHANGEOVER<\/figcaption><\/figure>\n\n\n\n<figure class=\"wp-block-image size-large is-style-rounded\"><img loading=\"lazy\" decoding=\"async\" width=\"320\" height=\"240\" data-id=\"44\" src=\"https:\/\/tecnofacility.com\/wp-content\/uploads\/2021\/06\/IR_0802.jpg\" alt=\"\" class=\"wp-image-44\" srcset=\"https:\/\/tecnofacility.com\/wp-content\/uploads\/2021\/06\/IR_0802.jpg 320w, https:\/\/tecnofacility.com\/wp-content\/uploads\/2021\/06\/IR_0802-300x225.jpg 300w\" sizes=\"auto, (max-width: 320px) 100vw, 320px\" \/><figcaption>A imagem t\u00e9rmica n\u00e3o apresenta pontos quentes que indiciem a necessidade de manuten\u00e7\u00e3o corretiva imediata.<\/figcaption><\/figure>\n<\/figure>\n","protected":false},"excerpt":{"rendered":"","protected":false},"author":1,"featured_media":0,"parent":0,"menu_order":0,"comment_status":"closed","ping_status":"closed","template":"","meta":{"footnotes":""},"class_list":["post-93","page","type-page","status-publish","hentry","entry"],"_links":{"self":[{"href":"https:\/\/tecnofacility.com\/index.php?rest_route=\/wp\/v2\/pages\/93","targetHints":{"allow":["GET"]}}],"collection":[{"href":"https:\/\/tecnofacility.com\/index.php?rest_route=\/wp\/v2\/pages"}],"about":[{"href":"https:\/\/tecnofacility.com\/index.php?rest_route=\/wp\/v2\/types\/page"}],"author":[{"embeddable":true,"href":"https:\/\/tecnofacility.com\/index.php?rest_route=\/wp\/v2\/users\/1"}],"replies":[{"embeddable":true,"href":"https:\/\/tecnofacility.com\/index.php?rest_route=%2Fwp%2Fv2%2Fcomments&post=93"}],"version-history":[{"count":10,"href":"https:\/\/tecnofacility.com\/index.php?rest_route=\/wp\/v2\/pages\/93\/revisions"}],"predecessor-version":[{"id":175,"href":"https:\/\/tecnofacility.com\/index.php?rest_route=\/wp\/v2\/pages\/93\/revisions\/175"}],"wp:attachment":[{"href":"https:\/\/tecnofacility.com\/index.php?rest_route=%2Fwp%2Fv2%2Fmedia&parent=93"}],"curies":[{"name":"wp","href":"https:\/\/api.w.org\/{rel}","templated":true}]}}